{"id":505,"date":"2022-07-10T13:51:54","date_gmt":"2022-07-10T13:51:54","guid":{"rendered":"https:\/\/pimposhka.pl\/?page_id=505"},"modified":"2022-07-14T14:41:27","modified_gmt":"2022-07-14T14:41:27","slug":"o-mnie","status":"publish","type":"page","link":"https:\/\/pimposhka.pl\/?page_id=505","title":{"rendered":"O mnie"},"content":{"rendered":"<div class=\"wp-block-image is-style-default\">\n<figure class=\"alignleft size-large is-resized\"><img loading=\"lazy\" decoding=\"async\" src=\"https:\/\/pimposhka.pl\/wp-content\/uploads\/2022\/07\/Wiatrak-768x1024.jpg\" alt=\"\" class=\"wp-image-503\" width=\"384\" height=\"512\" srcset=\"https:\/\/pimposhka.pl\/wp-content\/uploads\/2022\/07\/Wiatrak-768x1024.jpg 768w, https:\/\/pimposhka.pl\/wp-content\/uploads\/2022\/07\/Wiatrak-225x300.jpg 225w, https:\/\/pimposhka.pl\/wp-content\/uploads\/2022\/07\/Wiatrak-1152x1536.jpg 1152w, https:\/\/pimposhka.pl\/wp-content\/uploads\/2022\/07\/Wiatrak-1536x2048.jpg 1536w, https:\/\/pimposhka.pl\/wp-content\/uploads\/2022\/07\/Wiatrak-scaled.jpg 1920w, https:\/\/pimposhka.pl\/wp-content\/uploads\/2022\/07\/Wiatrak-720x960.jpg 720w, https:\/\/pimposhka.pl\/wp-content\/uploads\/2022\/07\/Wiatrak-320x427.jpg 320w\" sizes=\"auto, (max-width: 384px) 100vw, 384px\" \/><\/figure>\n<\/div>\n\n\n<p>Cze\u015b\u0107, to ja Pimposhka. Pochodz\u0119 z ma\u0142ego miasteczka nad morzem (zgadnij jakiego), potem mieszka\u0142am w Krakowie i Warszawie, a od 2004 mieszkam w Anglii. Najpierw w Yorku a teraz niedaleko Oxfordu. Na co dzie\u0144 pracuj\u0119 jako statystyk na uniwersytecie i uwielbiam moj\u0105 prac\u0119.  <\/p>\n\n\n\n<p>Po godzinach robi\u0119 na drutach (cho\u0107 ostatnio prawie wcale), szyde\u0142kuj\u0119, szyj\u0119, dekoruj\u0119 torty i robi\u0119 remonty, w zale\u017cno\u015bci co akurat potrzeba. Mieszkam w DAD czyli Du\u017cym Angielkim Domu wraz z m\u0119\u017cem i dwiema c\u00f3rkami: starsz\u0105 P. i m\u0142odsz\u0105 P. <\/p>\n\n\n\n<p>Tego bloga zacz\u0119\u0142am pisa\u0107 jako\u015b w 2006 roku. Najpierw jako &#8216;Polka w Yorku dzierga&#8217;, potem &#8216;Pimposhkowe dzierganie&#8217; a teraz ju\u017c tylko &#8216;Pimposhka&#8217;. To dla mnie wa\u017cne miejsce, bo dzi\u0119ki pisaniu \u0107wicz\u0119 ojczysty j\u0119zyk (wszelka konstruktywna krytyka mojego j\u0119zyka pisanego jest zawsze mile widziana).  Nowe wpisy ukazuj\u0105 si\u0119 zazwyczaj w poniedzia\u0142ek. Znajdziesz tutaj g\u0142\u00f3wnie tre\u015bci zwi\u0105zane z wszelakim r\u0119kodzie\u0142em oraz rozkminki spo\u0142eczno-filozoficzne. Jeszcze chyba nie znalaz\u0142am wszyskich sposob\u00f3w na por\u00f3wnanie \u017cycia w Polsce i w Anglii. <\/p>\n\n\n\n<p>To jest blog hobbystyczny i nie ma tutaj reklam, wpis\u00f3w sponsorowanych i wsp\u00f3\u0142prac. Nie b\u0119d\u0119 Ci wciska\u0107 zni\u017cki na sokowir\u00f3wk\u0119 pod emocjonalnym wpisem o trudach macierzy\u0144stwa. Nie wysy\u0142am do moich czytelnik\u00f3w Newslettera. Ale mi\u0142o mi b\u0119dzie, je\u015bli zostawisz komentarz.<\/p>\n\n\n\n<blockquote class=\"wp-block-quote is-layout-flow wp-block-quote-is-layout-flow\"><p>Mam nadziej\u0119, \u017ce zostaniesz tu na d\u0142u\u017cej. <\/p><cite>Pimposhka<\/cite><\/blockquote>\n","protected":false},"excerpt":{"rendered":"<p>Cze\u015b\u0107, to ja Pimposhka. Pochodz\u0119 z ma\u0142ego miasteczka nad morzem (zgadnij jakiego), potem mieszka\u0142am w Krakowie i Warszawie, a od 2004 mieszkam w Anglii. Najpierw w Yorku a teraz niedaleko Oxfordu. Na co dzie\u0144 pracuj\u0119 jako statystyk na uniwersytecie i uwielbiam moj\u0105 prac\u0119. Po godzinach robi\u0119 na drutach (cho\u0107 ostatnio prawie wcale), szyde\u0142kuj\u0119, szyj\u0119, dekoruj\u0119 [&hellip;]<\/p>\n","protected":false},"author":2,"featured_media":0,"parent":0,"menu_order":0,"comment_status":"open","ping_status":"closed","template":"","meta":{"footnotes":""},"class_list":["post-505","page","type-page","status-publish","hentry"],"_links":{"self":[{"href":"https:\/\/pimposhka.pl\/index.php?rest_route=\/wp\/v2\/pages\/505","targetHints":{"allow":["GET"]}}],"collection":[{"href":"https:\/\/pimposhka.pl\/index.php?rest_route=\/wp\/v2\/pages"}],"about":[{"href":"https:\/\/pimposhka.pl\/index.php?rest_route=\/wp\/v2\/types\/page"}],"author":[{"embeddable":true,"href":"https:\/\/pimposhka.pl\/index.php?rest_route=\/wp\/v2\/users\/2"}],"replies":[{"embeddable":true,"href":"https:\/\/pimposhka.pl\/index.php?rest_route=%2Fwp%2Fv2%2Fcomments&post=505"}],"version-history":[{"count":11,"href":"https:\/\/pimposhka.pl\/index.php?rest_route=\/wp\/v2\/pages\/505\/revisions"}],"predecessor-version":[{"id":1681,"href":"https:\/\/pimposhka.pl\/index.php?rest_route=\/wp\/v2\/pages\/505\/revisions\/1681"}],"wp:attachment":[{"href":"https:\/\/pimposhka.pl\/index.php?rest_route=%2Fwp%2Fv2%2Fmedia&parent=505"}],"curies":[{"name":"wp","href":"https:\/\/api.w.org\/{rel}","templated":true}]}}